{"id":4260,"date":"2026-03-27T12:32:59","date_gmt":"2026-03-27T12:32:59","guid":{"rendered":"https:\/\/montaza-izolak.com\/?page_id=4260"},"modified":"2026-03-27T12:40:31","modified_gmt":"2026-03-27T12:40:31","slug":"eu_1","status":"publish","type":"page","link":"https:\/\/montaza-izolak.com\/en\/eu_1\/","title":{"rendered":"EU_1"},"content":{"rendered":"<div data-elementor-type=\"wp-page\" data-elementor-id=\"4260\" class=\"elementor elementor-4260\" data-elementor-post-type=\"page\">\n\t\t\t\t<div class=\"elementor-element elementor-element-2535e46 e-con-full e-flex e-con e-parent\" data-id=\"2535e46\" data-element_type=\"container\" data-e-type=\"container\" data-settings=\"{&quot;background_background&quot;:&quot;classic&quot;}\">\n\t\t\t\t<div class=\"elementor-element elementor-element-79afff4 elementor-widget elementor-widget-text-editor\" data-id=\"79afff4\" data-element_type=\"widget\" data-e-type=\"widget\" data-widget_type=\"text-editor.default\">\n\t\t\t\t\t\t\t\t\t<section class=\"avada-page-titlebar-wrapper\" aria-label=\"Custom text for page title bar\"><div class=\"fusion-page-title-bar fusion-page-title-bar-breadcrumbs fusion-page-title-bar-center\"><div class=\"fusion-page-title-row\"><div class=\"fusion-page-title-wrapper\"><div class=\"fusion-page-title-captions\"><p class=\"entry-title fusion-responsive-typography-calculated\" data-fontsize=\"40\" data-lineheight=\"56px\">EU project<\/p><\/div><\/div><\/div><\/div><\/section>\t\t\t\t\t\t\t\t<\/div>\n\t\t\t\t<\/div>\n\t\t<div class=\"elementor-element elementor-element-24911fd e-con-full e-flex e-con e-parent\" data-id=\"24911fd\" data-element_type=\"container\" data-e-type=\"container\">\n\t\t\t\t<div class=\"elementor-element elementor-element-41ed8cb elementor-widget elementor-widget-image\" data-id=\"41ed8cb\" data-element_type=\"widget\" data-e-type=\"widget\" data-widget_type=\"image.default\">\n\t\t\t\t\t\t\t\t\t\t\t\t\t\t\t<img fetchpriority=\"high\" decoding=\"async\" width=\"1200\" height=\"395\" src=\"https:\/\/montaza-izolak.com\/wp-content\/uploads\/2026\/03\/1-1.jpg\" class=\"attachment-full size-full wp-image-114\" alt=\"\" srcset=\"https:\/\/montaza-izolak.com\/wp-content\/uploads\/2026\/03\/1-1.jpg 1200w, https:\/\/montaza-izolak.com\/wp-content\/uploads\/2026\/03\/1-1-300x99.jpg 300w, https:\/\/montaza-izolak.com\/wp-content\/uploads\/2026\/03\/1-1-1024x337.jpg 1024w, https:\/\/montaza-izolak.com\/wp-content\/uploads\/2026\/03\/1-1-768x253.jpg 768w\" sizes=\"(max-width: 1200px) 100vw, 1200px\" \/>\t\t\t\t\t\t\t\t\t\t\t\t\t\t\t<\/div>\n\t\t\t\t<div class=\"elementor-element elementor-element-7db2295 elementor-widget elementor-widget-text-editor\" data-id=\"7db2295\" data-element_type=\"widget\" data-e-type=\"widget\" data-widget_type=\"text-editor.default\">\n\t\t\t\t\t\t\t\t\t<div class=\"moduletable\"><div class=\"custom\"><p><strong>User Project Name:<\/strong><\/p><p class=\"fusion-responsive-typography-calculated\" data-fontsize=\"20\" data-lineheight=\"29px\"><strong>Strengthening the competitiveness of \u0110uro \u0110akovi\u0107 Monta\u017ea Izolak (\u0110\u0110MI) through<\/strong><br \/><strong>implementation of the Investment Project for the expansion and modernization of production capacities and<\/strong><br \/><strong>Employee training, KK.03.2.1.15.0026<\/strong><\/p><p><strong>Project Summary:<\/strong><\/p><p>In 2018, \u0110uro \u0110akovi\u0107 Monta\u017ea Izolak Society responded to the Public Call by the Ministry of Economy, Entrepreneurship and Crafts titled \u201eConstruction and Equipping of SME Production Capacities\u201d with a project called \u201eStrengthening the Competitiveness of \u0110uro \u0110akovi\u0107 Monta\u017ea Izolak Society (\u0110\u0110MI) through the Implementation of the Investment Project for Expanding and Renovating Production Capacities and Employee Training\u201c (hereinafter: the Project). After signing the Grant Agreement within this Call, \u0110\u0110MI Society, as the Beneficiary of funds from the European Regional Development Fund, commenced the implementation of the Project in March 2019.<\/p><p>The Project's purpose is to strengthen the competitiveness of the company, increase the number of employees, and grow sales revenue and exports. The target group is the Company's employees, while the end-users are current and future customers, suppliers, associations to which the Company donates, and residents of Brod-Posavina County. The Project was completed in September 2020.<\/p><p><strong>Project Goals and Expected Outcomes:<\/strong><\/p><p>The Project's goal was to position the Company within the global value chain by increasing production and revenue from sales and exports, creating new jobs, and investing in the development of new competencies of the Company's human capital through investment in expanding the capacity of the existing business unit. Through the realization of the Project, the Beneficiary has achieved a prerequisite for strengthening the Company's competitiveness in domestic and foreign markets, which will enable new employment, growth in sales revenue, and growth in export revenue.<\/p><p><strong>Total Project Value: HRK 6,295,328.18<\/strong><br \/><strong>Amount co-financed by EU grants (in HRK): HRK 1,289,138.93<\/strong><br \/><strong>Project Implementation Period (from-to): 03\/15\/2019 \u2013 09\/15\/2020.<\/strong><br \/><strong>Contact person for more information:<\/strong><br \/><strong>Kre\u0161imir Tomi\u010di\u0107, e-mail:\u00a0<a href=\"mailto:info@montaza-izolak.com\">info@montaza-izolak.com<\/a><\/strong><strong>\u00a0, tel: +385 (0)35 218 664<\/strong><\/p><p><strong>More information at:<\/strong><br \/><strong><a href=\"http:\/\/www.strukturnifondovi.hr\/\">http:\/\/www.strukturnifondovi.hr<\/a><\/strong><\/p><p><strong>More about the Operational Programme Competitiveness and Cohesion 2014-2020:<\/strong><\/p><p><strong><a href=\"https:\/\/strukturnifondovi.hr\/eu-fondovi\/esi-fondovi-2014-2020\/op-konkurentnost-i-kohezija\/\">https:\/\/strukturnifondovi.hr\/eu-fondovi\/esi-fondovi-2014-2020\/op-konkurentnost-i-kohezija\/<\/a><\/strong><\/p><p>The content of this material is the sole responsibility of \u0110URO \u0110AKOVI\u0106 MONTA\u017dA \u2013 IZOLAK d. o. o. for design, production, assembly, and foreign trade operations.<\/p><\/div><\/div><div class=\"moduletable\"><div class=\"custom\"><p><strong>User Project Name:<\/strong><\/p><p class=\"fusion-responsive-typography-calculated\" data-fontsize=\"20\" data-lineheight=\"29px\"><strong>Improving the competitiveness and efficiency of the company \u0110URO \u0110AKOVI\u0106 MONTA\u017dA \u2013 IZOLAK through the application of new ICT solutions, KK.03.2.1.19.1115<\/strong><\/p><p><strong>Project Summary:<\/strong><\/p><p>The project \u201eImproving the Competitiveness and Efficiency of \u0110URO \u0110AKOVI\u0106 MONTA\u017dA \u2013 IZOLAK through the Application of New ICT Solutions\u201c will address the problem of the inability for further growth and development due to insufficiently efficient business processes, which consequently leads to the company lagging behind the competition in the market. Through investments focused on modern information and communication technology solutions, business processes for production planning, production, assembly, and resource management will be improved, thus reducing costs and increasing revenue, which will result in increased competitiveness and faster company growth and development. The target groups whose interests the Project will directly contribute to are (1) the Beneficiary company; (2) the Beneficiary's partners and clients; and (3) employees. The Project is planned to be completed in October 2020.<\/p><p><strong>Project Goals and Expected Outcomes:<\/strong><\/p><p>The Project's purpose (goal) is to strengthen market position, increase User competitiveness, and optimize and increase business efficiency through the introduction of new HW and SW ICT solutions. Project activities will result in the implementation of new ICT hardware and software solutions that contribute to the optimization and improvement of the company's key business processes, better or complete integration of business functions, and optimized and more efficient workflows, as well as improved visibility and credibility. Project implementation will directly contribute to the company's operations, optimization of business processes, and the use of modern ICT solutions will result in significant savings and increased User work efficiency and greater integration within the production business function.<\/p><p><strong>Total project value: HRK 398,513.75<\/strong><br \/><strong>Amount co-financed by EU grants (in HRK): 215,950.00 HRK<\/strong><br \/><strong>Project implementation period (from-to): 10.01.2019 \u2013 10.01.2020.<\/strong><br \/><strong>Contact person for more information:<\/strong><br \/><strong>Kre\u0161imir Tomi\u010di\u0107, e-mail:\u00a0<a href=\"mailto:info@montaza-izolak.com\">info@montaza-izolak.com<\/a><\/strong><strong>\u00a0, tel: +385 35448364<\/strong><\/p><p><strong>More information at:<\/strong><br \/><strong><a href=\"http:\/\/www.strukturnifondovi.hr\/\">http:\/\/www.strukturnifondovi.hr<\/a><\/strong><\/p><p><strong>More about the Operational Programme Competitiveness and Cohesion:<\/strong><br \/><strong><a href=\"https:\/\/strukturnifondovi.hr\/eu-fondovi\/esi-fondovi-2014-2020\/op-konkurentnost-i-kohezija\/\">https:\/\/strukturnifondovi.hr\/eu-fondovi\/esi-fondovi-2014-2020\/op-konkurentnost-i-kohezija\/<\/a><\/strong><\/p><p>The content of this material is the sole responsibility of \u0110URO \u0110AKOVI\u0106 MONTA\u017dA \u2013 IZOLAK d. o. o. for design, production, assembly, and foreign trade operations.<\/p><\/div><\/div>\t\t\t\t\t\t\t\t<\/div>\n\t\t\t\t<\/div>\n\t\t\t\t<\/div>","protected":false},"excerpt":{"rendered":"<p>EU projekt Naziv Projekta Korisnika: Ja\u010danje konkurentnosti Dru\u0161tva \u0110uro \u0110akovi\u0107 Monta\u017ea Izolak (\u0110\u0110MI) krozprovedbu Projekta ulaganja u pro\u0161irenje i obnovu proizvodnih kapaciteta iedukaciju djelatnika, KK.03.2.1.15.0026 Kratki opis Projekta: Dru\u0161tvo \u0110uro \u0110akovi\u0107 Monta\u017ea Izolak je 2018. godine na javni Poziv Ministarstva gospodarstva, poduzetni\u0161tva i obrta \u201eIzgradnja i opremanje proizvodnih kapaciteta MSP\u201d prijavilo projekt pod nazivom \u201eJa\u010danje [&hellip;]<\/p>\n","protected":false},"author":1,"featured_media":0,"parent":0,"menu_order":0,"comment_status":"closed","ping_status":"closed","template":"","meta":{"_acf_changed":false,"iawp_total_views":1,"footnotes":""},"class_list":["post-4260","page","type-page","status-publish","hentry"],"acf":[],"_links":{"self":[{"href":"https:\/\/montaza-izolak.com\/en\/wp-json\/wp\/v2\/pages\/4260","targetHints":{"allow":["GET"]}}],"collection":[{"href":"https:\/\/montaza-izolak.com\/en\/wp-json\/wp\/v2\/pages"}],"about":[{"href":"https:\/\/montaza-izolak.com\/en\/wp-json\/wp\/v2\/types\/page"}],"author":[{"embeddable":true,"href":"https:\/\/montaza-izolak.com\/en\/wp-json\/wp\/v2\/users\/1"}],"replies":[{"embeddable":true,"href":"https:\/\/montaza-izolak.com\/en\/wp-json\/wp\/v2\/comments?post=4260"}],"version-history":[{"count":7,"href":"https:\/\/montaza-izolak.com\/en\/wp-json\/wp\/v2\/pages\/4260\/revisions"}],"predecessor-version":[{"id":4275,"href":"https:\/\/montaza-izolak.com\/en\/wp-json\/wp\/v2\/pages\/4260\/revisions\/4275"}],"wp:attachment":[{"href":"https:\/\/montaza-izolak.com\/en\/wp-json\/wp\/v2\/media?parent=4260"}],"curies":[{"name":"wp","href":"https:\/\/api.w.org\/{rel}","templated":true}]}}