{"id":4262,"date":"2026-03-27T12:33:13","date_gmt":"2026-03-27T12:33:13","guid":{"rendered":"https:\/\/montaza-izolak.com\/?page_id=4262"},"modified":"2026-03-27T12:42:52","modified_gmt":"2026-03-27T12:42:52","slug":"eu_2","status":"publish","type":"page","link":"https:\/\/montaza-izolak.com\/de\/eu_2\/","title":{"rendered":"EU_2"},"content":{"rendered":"<div data-elementor-type=\"wp-page\" data-elementor-id=\"4262\" class=\"elementor elementor-4262\" data-elementor-post-type=\"page\">\n\t\t\t\t<div class=\"elementor-element elementor-element-2535e46 e-con-full e-flex e-con e-parent\" data-id=\"2535e46\" data-element_type=\"container\" data-e-type=\"container\" data-settings=\"{&quot;background_background&quot;:&quot;classic&quot;}\">\n\t\t\t\t<div class=\"elementor-element elementor-element-79afff4 elementor-widget elementor-widget-text-editor\" data-id=\"79afff4\" data-element_type=\"widget\" data-e-type=\"widget\" data-widget_type=\"text-editor.default\">\n\t\t\t\t\t\t\t\t\t<div class=\"heading with-bg\"><div class=\"fusion-title-sc-wrapper\"><div class=\"fusion-title title fusion-title-1 fusion-sep-none fusion-title-center fusion-title-text fusion-title-size-two\"><section class=\"avada-page-titlebar-wrapper\" aria-label=\"Individueller Text f\u00fcr die Titelleiste der Seite\"><div class=\"fusion-page-title-bar fusion-page-title-bar-breadcrumbs fusion-page-title-bar-center\"><div class=\"fusion-page-title-row\"><div class=\"fusion-page-title-wrapper\"><div class=\"fusion-page-title-captions\"><p class=\"entry-title fusion-responsive-typography-calculated\" data-fontsize=\"40\" data-lineheight=\"56px\" data-ninja-font=\"arial_light_normal_qxjpy\">Digitalisierung der Gesch\u00e4ftst\u00e4tigkeit des Unternehmens<\/p><\/div><\/div><\/div><\/div><\/section><\/div><\/div><\/div>\t\t\t\t\t\t\t\t<\/div>\n\t\t\t\t<\/div>\n\t\t<div class=\"elementor-element elementor-element-24911fd e-con-full e-flex e-con e-parent\" data-id=\"24911fd\" data-element_type=\"container\" data-e-type=\"container\">\n\t\t\t\t<div class=\"elementor-element elementor-element-358bace elementor-widget elementor-widget-image\" data-id=\"358bace\" data-element_type=\"widget\" data-e-type=\"widget\" data-widget_type=\"image.default\">\n\t\t\t\t\t\t\t\t\t\t\t\t\t\t\t<img fetchpriority=\"high\" decoding=\"async\" width=\"800\" height=\"243\" src=\"https:\/\/montaza-izolak.com\/wp-content\/uploads\/2026\/03\/2-1-1024x311.jpg\" class=\"attachment-large size-large wp-image-116\" alt=\"\" srcset=\"https:\/\/montaza-izolak.com\/wp-content\/uploads\/2026\/03\/2-1-1024x311.jpg 1024w, https:\/\/montaza-izolak.com\/wp-content\/uploads\/2026\/03\/2-1-300x91.jpg 300w, https:\/\/montaza-izolak.com\/wp-content\/uploads\/2026\/03\/2-1-768x233.jpg 768w, https:\/\/montaza-izolak.com\/wp-content\/uploads\/2026\/03\/2-1.jpg 1300w\" sizes=\"(max-width: 800px) 100vw, 800px\" \/>\t\t\t\t\t\t\t\t\t\t\t\t\t\t\t<\/div>\n\t\t\t\t<div class=\"elementor-element elementor-element-a82bf7a elementor-widget elementor-widget-text-editor\" data-id=\"a82bf7a\" data-element_type=\"widget\" data-e-type=\"widget\" data-widget_type=\"text-editor.default\">\n\t\t\t\t\t\t\t\t\t<p>Das Unternehmen \u0110URO \u0110AKOVI\u0106 MONTA\u017dA \u2013 IZOLAK d. o. o. f\u00fcr Planung, Fertigung, Montage und Au\u00dfenhandel hat das Projekt mit dem Titel \u201eDigitalisierung der Betriebsabl\u00e4ufe bei \u0110uro \u0110akovi\u0107 Monta\u017ea Izolak d.o.o.\u201c erfolgreich umgesetzt, Referenznummer NPOO.C1.1.2.R3-I3.01.0716<\/p><p>Ziel des Projekts ist es, die digitale Transformation des Unternehmens \u0110URO \u0110AKOVI\u0106 MONTA\u017dA \u2013 IZOLAK d. o. o. durch die Einf\u00fchrung fortschrittlicher digitaler L\u00f6sungen, Werkzeuge und Ausr\u00fcstung sicherzustellen, wobei der Schwerpunkt auf der Optimierung von Gesch\u00e4ftsprozessen, der Einf\u00fchrung neuer Gesch\u00e4ftsmodelle und der St\u00e4rkung der digitalen Kompetenzen der Mitarbeiter liegt. Die Umsetzung des Projekts wird ein effizienteres Ressourcenmanagement, die Verbesserung der Produktions- und Dienstleistungsabl\u00e4ufe sowie die St\u00e4rkung der Wettbewerbsf\u00e4higkeit auf dem heimischen und internationalen Markt erm\u00f6glichen.<\/p><p>\u00a0<\/p><p>Weitere Informationen zum Projekt:<\/p><p>Gesamtprojektwert \u2013 78.370,35 \u20ac<\/p><p>Gesamtbetrag der f\u00f6rderf\u00e4higen Kosten \u2013 77.215,66 \u20ac<\/p><p>F\u00f6rdermittel \u2013 54.050,96 \u20ac<\/p><p>Privater Beitrag \u2013 23.164,70 \u20ac<\/p><p>Das Projekt begann am 01.09.2022 und endet am 01.06.2025.<\/p><p>Projektnummer: NPOO.C1.1.2.R3-I3.01.0716<\/p><p>\u00a0<\/p><p>Ziele und Ergebnisse des Projektvorschlags:<\/p><p>Das Projekt soll die digitale Transformation der Gesch\u00e4ftsprozesse des Unternehmens \u0110URO \u0110AKOVI\u0106 MONTA\u017dA \u2013 IZOLAK d. o. o. durch die Einf\u00fchrung neuer digitaler L\u00f6sungen, Werkzeuge und Ausr\u00fcstung sicherstellen. Zu den Hauptzielen geh\u00f6ren die Steigerung der Wettbewerbsf\u00e4higkeit, die Optimierung der Produktions- und Logistikaktivit\u00e4ten sowie die St\u00e4rkung der digitalen Kompetenzen der Mitarbeiter. Die erwarteten Ergebnisse sind effizientere Abl\u00e4ufe, geringere Kosten, schnellere Produktionszyklen und eine bessere Vernetzung zwischen internen und externen Gesch\u00e4ftsprozessen, was es dem Unternehmen erm\u00f6glichen wird, erfolgreich neue M\u00e4rkte zu erschlie\u00dfen und seinen Umsatz zu steigern.<\/p><p>\u00a0<\/p><p><strong>\u201eDas Projekt wurde von der Europ\u00e4ischen Union kofinanziert \u2013\u00a0<em>NextGenerationEU<\/em>\u201c<\/strong><\/p><p>F\u00fcr weitere Informationen wenden Sie sich bitte an:<\/p><p>E-Mail:\u00a0<a href=\"mailto:info@montaza-izolak.com\">info@montaza-izolak.com<\/a><\/p><p>Telefon: +385 35 448 364<\/p><p>Weitere Informationen finden Sie unter\u00a0<a href=\"http:\/\/www.strukturnifondovi.hr\/\">\u00a0https:\/\/fondovieu.gov.hr\/<\/a><\/p>\t\t\t\t\t\t\t\t<\/div>\n\t\t\t\t<\/div>\n\t\t\t\t<\/div>","protected":false},"excerpt":{"rendered":"<p>Digitalizacija poslovanja tvrtke Tvrtka \u0110URO \u0110AKOVI\u0106 MONTA\u017dA \u2013 IZOLAK d. o. o. za projektiranje, proizvodnju, monta\u017eu i vanjskotrgovinsko poslovanje je uspje\u0161no provela projekt pod nazivom \u201eDigitalizacija poslovanja tvrtke \u0110uro \u0110akovi\u0107 Monta\u017ea Izolak d.o.o.\u201c, referentnog broja NPOO.C1.1.2.R3-I3.01.0716 Cilj projekta je osigurati digitalnu transformaciju poduze\u0107a \u0110URO \u0110AKOVI\u0106 MONTA\u017dA \u2013 IZOLAK d. o. o. kroz implementaciju naprednih digitalnih [&hellip;]<\/p>\n","protected":false},"author":1,"featured_media":0,"parent":0,"menu_order":0,"comment_status":"closed","ping_status":"closed","template":"","meta":{"_acf_changed":false,"iawp_total_views":0,"footnotes":""},"class_list":["post-4262","page","type-page","status-publish","hentry"],"acf":[],"_links":{"self":[{"href":"https:\/\/montaza-izolak.com\/de\/wp-json\/wp\/v2\/pages\/4262","targetHints":{"allow":["GET"]}}],"collection":[{"href":"https:\/\/montaza-izolak.com\/de\/wp-json\/wp\/v2\/pages"}],"about":[{"href":"https:\/\/montaza-izolak.com\/de\/wp-json\/wp\/v2\/types\/page"}],"author":[{"embeddable":true,"href":"https:\/\/montaza-izolak.com\/de\/wp-json\/wp\/v2\/users\/1"}],"replies":[{"embeddable":true,"href":"https:\/\/montaza-izolak.com\/de\/wp-json\/wp\/v2\/comments?post=4262"}],"version-history":[{"count":7,"href":"https:\/\/montaza-izolak.com\/de\/wp-json\/wp\/v2\/pages\/4262\/revisions"}],"predecessor-version":[{"id":4281,"href":"https:\/\/montaza-izolak.com\/de\/wp-json\/wp\/v2\/pages\/4262\/revisions\/4281"}],"wp:attachment":[{"href":"https:\/\/montaza-izolak.com\/de\/wp-json\/wp\/v2\/media?parent=4262"}],"curies":[{"name":"wp","href":"https:\/\/api.w.org\/{rel}","templated":true}]}}