{"id":4260,"date":"2026-03-27T12:32:59","date_gmt":"2026-03-27T12:32:59","guid":{"rendered":"https:\/\/montaza-izolak.com\/?page_id=4260"},"modified":"2026-03-27T12:40:31","modified_gmt":"2026-03-27T12:40:31","slug":"eu_1","status":"publish","type":"page","link":"https:\/\/montaza-izolak.com\/de\/eu_1\/","title":{"rendered":"EU_1"},"content":{"rendered":"<div data-elementor-type=\"wp-page\" data-elementor-id=\"4260\" class=\"elementor elementor-4260\" data-elementor-post-type=\"page\">\n\t\t\t\t<div class=\"elementor-element elementor-element-2535e46 e-con-full e-flex e-con e-parent\" data-id=\"2535e46\" data-element_type=\"container\" data-e-type=\"container\" data-settings=\"{&quot;background_background&quot;:&quot;classic&quot;}\">\n\t\t\t\t<div class=\"elementor-element elementor-element-79afff4 elementor-widget elementor-widget-text-editor\" data-id=\"79afff4\" data-element_type=\"widget\" data-e-type=\"widget\" data-widget_type=\"text-editor.default\">\n\t\t\t\t\t\t\t\t\t<section class=\"avada-page-titlebar-wrapper\" aria-label=\"Individueller Text f\u00fcr die Titelleiste der Seite\"><div class=\"fusion-page-title-bar fusion-page-title-bar-breadcrumbs fusion-page-title-bar-center\"><div class=\"fusion-page-title-row\"><div class=\"fusion-page-title-wrapper\"><div class=\"fusion-page-title-captions\"><p class=\"entry-title fusion-responsive-typography-calculated\" data-fontsize=\"40\" data-lineheight=\"56px\">EU-Projekt<\/p><\/div><\/div><\/div><\/div><\/section>\t\t\t\t\t\t\t\t<\/div>\n\t\t\t\t<\/div>\n\t\t<div class=\"elementor-element elementor-element-24911fd e-con-full e-flex e-con e-parent\" data-id=\"24911fd\" data-element_type=\"container\" data-e-type=\"container\">\n\t\t\t\t<div class=\"elementor-element elementor-element-41ed8cb elementor-widget elementor-widget-image\" data-id=\"41ed8cb\" data-element_type=\"widget\" data-e-type=\"widget\" data-widget_type=\"image.default\">\n\t\t\t\t\t\t\t\t\t\t\t\t\t\t\t<img fetchpriority=\"high\" decoding=\"async\" width=\"1200\" height=\"395\" src=\"https:\/\/montaza-izolak.com\/wp-content\/uploads\/2026\/03\/1-1.jpg\" class=\"attachment-full size-full wp-image-114\" alt=\"\" srcset=\"https:\/\/montaza-izolak.com\/wp-content\/uploads\/2026\/03\/1-1.jpg 1200w, https:\/\/montaza-izolak.com\/wp-content\/uploads\/2026\/03\/1-1-300x99.jpg 300w, https:\/\/montaza-izolak.com\/wp-content\/uploads\/2026\/03\/1-1-1024x337.jpg 1024w, https:\/\/montaza-izolak.com\/wp-content\/uploads\/2026\/03\/1-1-768x253.jpg 768w\" sizes=\"(max-width: 1200px) 100vw, 1200px\" \/>\t\t\t\t\t\t\t\t\t\t\t\t\t\t\t<\/div>\n\t\t\t\t<div class=\"elementor-element elementor-element-7db2295 elementor-widget elementor-widget-text-editor\" data-id=\"7db2295\" data-element_type=\"widget\" data-e-type=\"widget\" data-widget_type=\"text-editor.default\">\n\t\t\t\t\t\t\t\t\t<div class=\"moduletable\"><div class=\"custom\"><p><strong>Name des Benutzerprojekts:<\/strong><\/p><p class=\"fusion-responsive-typography-calculated\" data-fontsize=\"20\" data-lineheight=\"29px\"><strong>St\u00e4rkung der Wettbewerbsf\u00e4higkeit von \u0110uro \u0110akovi\u0107 Monta\u017ea Izolak (\u0110\u0110MI) durch<\/strong><br \/><strong>die Umsetzung des Investitionsvorhabens zur Erweiterung und Erneuerung der Produktionskapazit\u00e4ten sowie<\/strong><br \/><strong>Mitarbeiterschulung, KK.03.2.1.15.0026<\/strong><\/p><p><strong>Kurze Projektbeschreibung:<\/strong><\/p><p>Das Unternehmen \u201e\u0110uro \u0110akovi\u0107 Monta\u017ea Izolak\u201d reichte 2018 einen Antrag ein. Das Unternehmen \u0110\u0110MI beantragte als Beg\u00fcnstigter der Mittel aus dem Europ\u00e4ischen Fonds f\u00fcr die regionale Entwicklung das Projekt mit dem Titel \u201eSt\u00e4rkung der Wettbewerbsf\u00e4higkeit von \u0110uro \u0110akovi\u0107 Monta\u017ea Izolak (\u0110\u0110MI) durch die Umsetzung des Investitionsprojekts zur Erweiterung und Erneuerung der Produktionskapazit\u00e4ten sowie zur Mitarbeiterschulung\u201c (im Folgenden: das Projekt). Nach der Unterzeichnung der F\u00f6rdervereinbarung f\u00fcr diese Ausschreibung begann \u0110\u0110MI als Beg\u00fcnstigter des Europ\u00e4ischen Fonds f\u00fcr regionale Entwicklung im M\u00e4rz 2019 mit der Umsetzung des Projekts.<\/p><p>Ziel des Projekts ist es, die Wettbewerbsf\u00e4higkeit des Unternehmens zu st\u00e4rken, die Zahl der Besch\u00e4ftigten zu erh\u00f6hen sowie den Umsatz und die Exporterl\u00f6se zu steigern. Die Zielgruppe sind die Mitarbeiter des Unternehmens, w\u00e4hrend die Endnutzer aktuelle und zuk\u00fcnftige Kunden, Lieferanten, Vereine, denen das Unternehmen spendet, sowie die Einwohner des Landkreises Brod-Posavina sind. Das Projekt wurde im September 2020 abgeschlossen.<\/p><p><strong>Projektziele und erwartete Ergebnisse:<\/strong><\/p><p>Ziel des Projekts war es, das Unternehmen in der globalen Wertsch\u00f6pfungskette zu positionieren, indem die Produktion, der Absatz und die Exporteinnahmen gesteigert, neue Arbeitspl\u00e4tze geschaffen und durch den Ausbau der Kapazit\u00e4ten eines bestehenden Gesch\u00e4ftsbereichs in die Entwicklung neuer Kompetenzen des Humankapitals investiert wurden. Durch die Umsetzung des Projekts hat der Beg\u00fcnstigte die Voraussetzungen f\u00fcr die St\u00e4rkung der Wettbewerbsf\u00e4higkeit des Unternehmens auf den in- und ausl\u00e4ndischen M\u00e4rkten geschaffen, was es ihm erm\u00f6glichen wird, neue Arbeitspl\u00e4tze zu schaffen, seinen Umsatz zu steigern und seine Exporteinnahmen zu erh\u00f6hen.<\/p><p><strong>Gesamtwert des Projekts: 6.295.328,18 HRK<\/strong><br \/><strong>Durch EU-Zusch\u00fcsse kofinanzierter Betrag (in HRK): 1.289.138,93 HRK<\/strong><br \/><strong>Projektlaufzeit (von\u2013bis): 15. M\u00e4rz 2019 \u2013 15. September 2020.<\/strong><br \/><strong>Ansprechpartner f\u00fcr weitere Informationen:<\/strong><br \/><strong>Kre\u0161imir Tomi\u010di\u0107, E-Mail:\u00a0<a href=\"mailto:info@montaza-izolak.com\">info@montaza-izolak.com<\/a><\/strong><strong>\u00a0, Tel.: +385 (0)35 218 664<\/strong><\/p><p><strong>Weitere Informationen unter:<\/strong><br \/><strong><a href=\"http:\/\/www.strukturnifondovi.hr\/\">http:\/\/www.strukturnifondovi.hr<\/a><\/strong><\/p><p><strong>Weitere Informationen zum operationellen Programm \u201eWettbewerbsf\u00e4higkeit und Zusammenhalt 2014\u20132020\u201c:<\/strong><\/p><p><strong><a href=\"https:\/\/strukturnifondovi.hr\/eu-fondovi\/esi-fondovi-2014-2020\/op-konkurentnost-i-kohezija\/\">https:\/\/strukturnifondovi.hr\/eu-fondovi\/esi-fondovi-2014-2020\/op-konkurentnost-i-kohezija\/<\/a><\/strong><\/p><p>Die Verantwortung f\u00fcr den Inhalt dieses Materials liegt ausschlie\u00dflich bei \u0110URO \u0110AKOVI\u0106 MONTA\u017dA \u2013 IZOLAK d.o.o., was die Bereiche Konstruktion, Fertigung, Montage und Au\u00dfenhandel betrifft.<\/p><\/div><\/div><div class=\"moduletable\"><div class=\"custom\"><p><strong>Name des Benutzerprojekts:<\/strong><\/p><p class=\"fusion-responsive-typography-calculated\" data-fontsize=\"20\" data-lineheight=\"29px\"><strong>Steigerung der Wettbewerbsf\u00e4higkeit und Effizienz von \u0110URO \u0110AKOVI\u0106 MONTA\u017dA \u2013 IZOLAK durch den Einsatz neuer IKT-L\u00f6sungen, KK.03.2.1.19.1115<\/strong><\/p><p><strong>Kurze Projektbeschreibung:<\/strong><\/p><p>Das Projekt Das Projekt \u201eVerbesserung der Wettbewerbsf\u00e4higkeit und Effizienz von \u0110URO \u0110AKOVI\u0106 MONTA\u017dA \u2013 IZOLAK durch den Einsatz neuer IKT-L\u00f6sungen\u201c befasst sich mit dem Problem, dass das Unternehmen aufgrund unzureichend effizienter Gesch\u00e4ftsprozesse nicht weiter wachsen und sich weiterentwickeln kann, was dazu f\u00fchrt, dass das Unternehmen auf dem Markt hinter seinen Wettbewerbern zur\u00fcckbleibt. Durch Investitionen in moderne Informations- und Kommunikationstechnologiel\u00f6sungen werden die Gesch\u00e4ftsprozesse f\u00fcr Produktionsvorbereitung, Produktion, Montage und Ressourcenmanagement verbessert. Dies wird zu einer Kostensenkung und Umsatzsteigerung f\u00fchren, was wiederum eine h\u00f6here Wettbewerbsf\u00e4higkeit sowie ein schnelleres Wachstum und eine schnellere Entwicklung des Unternehmens zur Folge haben wird. Die Zielgruppen, deren Interessen das Projekt unmittelbar f\u00f6rdert, sind (1) das Unternehmen des Beg\u00fcnstigten; (2) die Partner und Kunden des Beg\u00fcnstigten; und (3) die Mitarbeiter. Das Projekt soll im Oktober 2020 abgeschlossen werden.<\/p><p><strong>Projektziele und erwartete Ergebnisse:<\/strong><\/p><p>Ziel des Projekts ist es, die Marktposition zu st\u00e4rken, die Wettbewerbsf\u00e4higkeit des Beg\u00fcnstigten zu steigern sowie die Gesch\u00e4ftseffizienz durch die Einf\u00fchrung neuer IKT-Hardware- und Softwarel\u00f6sungen zu optimieren und zu steigern. Die Projektaktivit\u00e4ten f\u00fchren zur Einf\u00fchrung neuer IKT-Hardware- und Softwarel\u00f6sungen, die zur Optimierung und Verbesserung der wichtigsten Gesch\u00e4ftsprozesse des Unternehmens, zu einer besseren oder vollst\u00e4ndigen Integration von Gesch\u00e4ftsfunktionen sowie zu einem optimierten und effizienteren Arbeitsablauf und zu mehr Sichtbarkeit und Glaubw\u00fcrdigkeit beitragen. Die Umsetzung des Projekts wird direkt zum Gesch\u00e4ft des Unternehmens beitragen und die Gesch\u00e4ftsprozesse optimieren. Der Einsatz moderner IKT-L\u00f6sungen wird zu erheblichen Einsparungen und einer gesteigerten Effizienz f\u00fcr den Nutzer sowie zu einer st\u00e4rkeren Integration innerhalb der Produktionsgesch\u00e4ftsfunktion f\u00fchren.<\/p><p><strong>Gesamtprojektwert: 398.513,75 HRK<\/strong><br \/><strong>Durch den EU-Zuschuss kofinanzierter Betrag (in HRK): 215.950,00 HRK<\/strong><br \/><strong>Projektlaufzeit (von\u2013bis): 01.10.2019 \u2013 01.10.2020.<\/strong><br \/><strong>Ansprechpartner f\u00fcr weitere Informationen:<\/strong><br \/><strong>Kre\u0161imir Tomi\u010di\u0107, E-Mail:\u00a0<a href=\"mailto:info@montaza-izolak.com\">info@montaza-izolak.com<\/a><\/strong><strong>\u00a0, Tel.: +385 35448364<\/strong><\/p><p><strong>Weitere Informationen unter:<\/strong><br \/><strong><a href=\"http:\/\/www.strukturnifondovi.hr\/\">http:\/\/www.strukturnifondovi.hr<\/a><\/strong><\/p><p><strong>Weitere Informationen zum operationellen Programm \u201eWettbewerbsf\u00e4higkeit und Zusammenhalt\u201c:<\/strong><br \/><strong><a href=\"https:\/\/strukturnifondovi.hr\/eu-fondovi\/esi-fondovi-2014-2020\/op-konkurentnost-i-kohezija\/\">https:\/\/strukturnifondovi.hr\/eu-fondovi\/esi-fondovi-2014-2020\/op-konkurentnost-i-kohezija\/<\/a><\/strong><\/p><p>Die Verantwortung f\u00fcr den Inhalt dieses Materials liegt ausschlie\u00dflich bei \u0110URO \u0110AKOVI\u0106 MONTA\u017dA \u2013 IZOLAK d.o.o., was die Bereiche Konstruktion, Fertigung, Montage und Au\u00dfenhandel betrifft.<\/p><\/div><\/div>\t\t\t\t\t\t\t\t<\/div>\n\t\t\t\t<\/div>\n\t\t\t\t<\/div>","protected":false},"excerpt":{"rendered":"<p>EU projekt Naziv Projekta Korisnika: Ja\u010danje konkurentnosti Dru\u0161tva \u0110uro \u0110akovi\u0107 Monta\u017ea Izolak (\u0110\u0110MI) krozprovedbu Projekta ulaganja u pro\u0161irenje i obnovu proizvodnih kapaciteta iedukaciju djelatnika, KK.03.2.1.15.0026 Kratki opis Projekta: Dru\u0161tvo \u0110uro \u0110akovi\u0107 Monta\u017ea Izolak je 2018. godine na javni Poziv Ministarstva gospodarstva, poduzetni\u0161tva i obrta \u201eIzgradnja i opremanje proizvodnih kapaciteta MSP\u201d prijavilo projekt pod nazivom \u201eJa\u010danje [&hellip;]<\/p>\n","protected":false},"author":1,"featured_media":0,"parent":0,"menu_order":0,"comment_status":"closed","ping_status":"closed","template":"","meta":{"_acf_changed":false,"iawp_total_views":1,"footnotes":""},"class_list":["post-4260","page","type-page","status-publish","hentry"],"acf":[],"_links":{"self":[{"href":"https:\/\/montaza-izolak.com\/de\/wp-json\/wp\/v2\/pages\/4260","targetHints":{"allow":["GET"]}}],"collection":[{"href":"https:\/\/montaza-izolak.com\/de\/wp-json\/wp\/v2\/pages"}],"about":[{"href":"https:\/\/montaza-izolak.com\/de\/wp-json\/wp\/v2\/types\/page"}],"author":[{"embeddable":true,"href":"https:\/\/montaza-izolak.com\/de\/wp-json\/wp\/v2\/users\/1"}],"replies":[{"embeddable":true,"href":"https:\/\/montaza-izolak.com\/de\/wp-json\/wp\/v2\/comments?post=4260"}],"version-history":[{"count":7,"href":"https:\/\/montaza-izolak.com\/de\/wp-json\/wp\/v2\/pages\/4260\/revisions"}],"predecessor-version":[{"id":4275,"href":"https:\/\/montaza-izolak.com\/de\/wp-json\/wp\/v2\/pages\/4260\/revisions\/4275"}],"wp:attachment":[{"href":"https:\/\/montaza-izolak.com\/de\/wp-json\/wp\/v2\/media?parent=4260"}],"curies":[{"name":"wp","href":"https:\/\/api.w.org\/{rel}","templated":true}]}}